{"id":5275,"date":"2024-10-25T13:11:21","date_gmt":"2024-10-25T13:11:21","guid":{"rendered":"https:\/\/hotel-schoell.de\/upper-palatinate-country-delight-with-wellness-3-days\/"},"modified":"2025-05-06T13:39:09","modified_gmt":"2025-05-06T13:39:09","slug":"upper-palatinate-country-delight-with-wellness-3-days","status":"publish","type":"page","link":"https:\/\/hotel-schoell.de\/en\/upper-palatinate-country-delight-with-wellness-3-days\/","title":{"rendered":"Upper Palatinate Country Delight with Wellness 3 Days"},"content":{"rendered":"\t\t<div data-elementor-type=\"wp-page\" data-elementor-id=\"5275\" class=\"elementor elementor-5275 elementor-2841\" data-elementor-post-type=\"page\">\n\t\t\t\t<div class=\"has_eae_slider elementor-element elementor-element-6c86230a e-con-full e-flex e-con e-parent\" data-eae-slider=\"77903\" data-id=\"6c86230a\" data-element_type=\"container\" data-e-type=\"container\" data-settings=\"{&quot;background_background&quot;:&quot;classic&quot;}\">\n\t\t<div class=\"has_eae_slider elementor-element elementor-element-e6643b3 e-con-full e-flex e-con e-child\" data-eae-slider=\"65610\" data-id=\"e6643b3\" data-element_type=\"container\" data-e-type=\"container\">\n\t\t\t\t<div class=\"elementor-element elementor-element-583a2e96 elementor-widget elementor-widget-image\" data-id=\"583a2e96\" data-element_type=\"widget\" data-e-type=\"widget\" data-widget_type=\"image.default\">\n\t\t\t\t<div class=\"elementor-widget-container\">\n\t\t\t\t\t\t\t\t\t\t\t\t\t\t\t<img fetchpriority=\"high\" decoding=\"async\" width=\"683\" height=\"1024\" src=\"https:\/\/hotel-schoell.de\/wp-content\/uploads\/2024\/08\/landhotel_schoell-oberpfaelzer-landlust-mit-wellness-683x1024.jpg\" class=\"attachment-large size-large wp-image-5039\" alt=\"A happy family playing on a blanket outdoors.\" srcset=\"https:\/\/hotel-schoell.de\/wp-content\/uploads\/2024\/08\/landhotel_schoell-oberpfaelzer-landlust-mit-wellness-683x1024.jpg 683w, https:\/\/hotel-schoell.de\/wp-content\/uploads\/2024\/08\/landhotel_schoell-oberpfaelzer-landlust-mit-wellness-200x300.jpg 200w, https:\/\/hotel-schoell.de\/wp-content\/uploads\/2024\/08\/landhotel_schoell-oberpfaelzer-landlust-mit-wellness-768x1152.jpg 768w, https:\/\/hotel-schoell.de\/wp-content\/uploads\/2024\/08\/landhotel_schoell-oberpfaelzer-landlust-mit-wellness-1024x1536.jpg 1024w, https:\/\/hotel-schoell.de\/wp-content\/uploads\/2024\/08\/landhotel_schoell-oberpfaelzer-landlust-mit-wellness-1365x2048.jpg 1365w, https:\/\/hotel-schoell.de\/wp-content\/uploads\/2024\/08\/landhotel_schoell-oberpfaelzer-landlust-mit-wellness-scaled.jpg 1707w\" sizes=\"(max-width: 683px) 100vw, 683px\" \/>\t\t\t\t\t\t\t\t\t\t\t\t\t\t\t<\/div>\n\t\t\t\t<\/div>\n\t\t\t\t<\/div>\n\t\t<div class=\"has_eae_slider elementor-element elementor-element-11138cb9 e-con-full e-flex e-con e-child\" data-eae-slider=\"50390\" data-id=\"11138cb9\" data-element_type=\"container\" data-e-type=\"container\">\n\t\t\t\t<div class=\"elementor-element elementor-element-5a6a0482 elementor-widget elementor-widget-heading\" data-id=\"5a6a0482\" data-element_type=\"widget\" data-e-type=\"widget\" data-widget_type=\"heading.default\">\n\t\t\t\t<div class=\"elementor-widget-container\">\n\t\t\t\t\t<h2 class=\"elementor-heading-title elementor-size-default\">Upper Palatinate Country Delight with Wellness 3 Days<\/h2>\t\t\t\t<\/div>\n\t\t\t\t<\/div>\n\t\t\t\t<div class=\"elementor-element elementor-element-5c622a82 elementor-widget elementor-widget-text-editor\" data-id=\"5c622a82\" data-element_type=\"widget\" data-e-type=\"widget\" data-widget_type=\"text-editor.default\">\n\t\t\t\t<div class=\"elementor-widget-container\">\n\t\t\t\t\t\t\t\t\t3 days with 2 overnight stays including breakfast buffet, 2x 3-course menu, 1x back massage per person, use of fitness room, use of Nordic walking poles, 1x fruit basket and chocolate.\t\t\t\t\t\t\t\t<\/div>\n\t\t\t\t<\/div>\n\t\t\t\t<div class=\"elementor-element elementor-element-e0d1cf4 elementor-align-right elementor-mobile-align-center elementor-widget elementor-widget-button\" data-id=\"e0d1cf4\" data-element_type=\"widget\" data-e-type=\"widget\" data-widget_type=\"button.default\">\n\t\t\t\t<div class=\"elementor-widget-container\">\n\t\t\t\t\t\t\t\t\t<div class=\"elementor-button-wrapper\">\n\t\t\t\t\t<a class=\"elementor-button elementor-button-link elementor-size-sm\" href=\"https:\/\/reservation.one.dirs21.de\/hotel-schoellde\/result?in_tab=true&#038;range=2024-10-29,2024-10-31&#038;sets=%5B%7B%22uuid%22:%22d23b55d0-19d8-4eac-8aa1-a20a3b5248c0%22,%22occupancy%22:%7B%22adultCount%22:1,%22children%22:%5B%5D%7D%7D%5D&#038;package_id=79056&#038;los=2\">\n\t\t\t\t\t\t<span class=\"elementor-button-content-wrapper\">\n\t\t\t\t\t\t\t\t\t<span class=\"elementor-button-text\">  BOOK NOW<\/span>\n\t\t\t\t\t<\/span>\n\t\t\t\t\t<\/a>\n\t\t\t\t<\/div>\n\t\t\t\t\t\t\t\t<\/div>\n\t\t\t\t<\/div>\n\t\t\t\t<div class=\"elementor-element elementor-element-2565b609 elementor-widget elementor-widget-spacer\" data-id=\"2565b609\" data-element_type=\"widget\" data-e-type=\"widget\" data-widget_type=\"spacer.default\">\n\t\t\t\t<div class=\"elementor-widget-container\">\n\t\t\t\t\t\t\t<div class=\"elementor-spacer\">\n\t\t\t<div class=\"elementor-spacer-inner\"><\/div>\n\t\t<\/div>\n\t\t\t\t\t\t<\/div>\n\t\t\t\t<\/div>\n\t\t\t\t<div class=\"elementor-element elementor-element-248238b elementor-widget elementor-widget-heading\" data-id=\"248238b\" data-element_type=\"widget\" data-e-type=\"widget\" data-widget_type=\"heading.default\">\n\t\t\t\t<div class=\"elementor-widget-container\">\n\t\t\t\t\t<h3 class=\"elementor-heading-title elementor-size-default\">What You Can Expect<\/h3>\t\t\t\t<\/div>\n\t\t\t\t<\/div>\n\t\t\t\t<div class=\"elementor-element elementor-element-5cd39f5 elementor-widget elementor-widget-heading\" data-id=\"5cd39f5\" data-element_type=\"widget\" data-e-type=\"widget\" data-widget_type=\"heading.default\">\n\t\t\t\t<div class=\"elementor-widget-container\">\n\t\t\t\t\t<h4 class=\"elementor-heading-title elementor-size-default\">Upper Palatinate Country Delight with Wellness 3 Days<\/h4>\t\t\t\t<\/div>\n\t\t\t\t<\/div>\n\t\t\t\t<div class=\"elementor-element elementor-element-dac18a7 elementor-widget elementor-widget-text-editor\" data-id=\"dac18a7\" data-element_type=\"widget\" data-e-type=\"widget\" data-widget_type=\"text-editor.default\">\n\t\t\t\t<div class=\"elementor-widget-container\">\n\t\t\t\t\t\t\t\t\tEnjoy 3 relaxing days with a leisure program in the Upper Palatinate between Regensburg and Nuremberg, only about 20 minutes to the Altm\u00fchltal. Nature and Upper Palatinate cuisine guarantee you 3 days of short vacation with pleasure and relaxation.\t\t\t\t\t\t\t\t<\/div>\n\t\t\t\t<\/div>\n\t\t\t\t<\/div>\n\t\t\t\t<\/div>\n\t\t<div class=\"has_eae_slider elementor-element elementor-element-953a9de e-con-full e-flex e-con e-parent\" data-eae-slider=\"19063\" data-id=\"953a9de\" data-element_type=\"container\" data-e-type=\"container\">\n\t\t\t\t<div class=\"elementor-element elementor-element-3ade0a4 elementor-widget elementor-widget-spacer\" data-id=\"3ade0a4\" data-element_type=\"widget\" data-e-type=\"widget\" data-widget_type=\"spacer.default\">\n\t\t\t\t<div class=\"elementor-widget-container\">\n\t\t\t\t\t\t\t<div class=\"elementor-spacer\">\n\t\t\t<div class=\"elementor-spacer-inner\"><\/div>\n\t\t<\/div>\n\t\t\t\t\t\t<\/div>\n\t\t\t\t<\/div>\n\t\t\t\t<\/div>\n\t\t<div class=\"has_eae_slider elementor-element elementor-element-19d4536e e-flex e-con-boxed e-con e-parent\" data-eae-slider=\"23949\" data-id=\"19d4536e\" data-element_type=\"container\" data-e-type=\"container\" data-settings=\"{&quot;background_background&quot;:&quot;classic&quot;}\">\n\t\t\t\t\t<div class=\"e-con-inner\">\n\t\t\t\t<div class=\"elementor-element elementor-element-19d682ca elementor-widget elementor-widget-spacer\" data-id=\"19d682ca\" data-element_type=\"widget\" data-e-type=\"widget\" data-widget_type=\"spacer.default\">\n\t\t\t\t<div class=\"elementor-widget-container\">\n\t\t\t\t\t\t\t<div class=\"elementor-spacer\">\n\t\t\t<div class=\"elementor-spacer-inner\"><\/div>\n\t\t<\/div>\n\t\t\t\t\t\t<\/div>\n\t\t\t\t<\/div>\n\t\t\t\t<div class=\"elementor-element elementor-element-22ab6165 elementor-widget elementor-widget-heading\" data-id=\"22ab6165\" data-element_type=\"widget\" data-e-type=\"widget\" data-widget_type=\"heading.default\">\n\t\t\t\t<div class=\"elementor-widget-container\">\n\t\t\t\t\t<h3 class=\"elementor-heading-title elementor-size-default\">Bavarian Coziness<\/h3>\t\t\t\t<\/div>\n\t\t\t\t<\/div>\n\t\t\t\t<div class=\"elementor-element elementor-element-3ff9189f elementor-widget elementor-widget-heading\" data-id=\"3ff9189f\" data-element_type=\"widget\" data-e-type=\"widget\" data-widget_type=\"heading.default\">\n\t\t\t\t<div class=\"elementor-widget-container\">\n\t\t\t\t\t<h2 class=\"elementor-heading-title elementor-size-default\">Book Your Time Out<\/h2>\t\t\t\t<\/div>\n\t\t\t\t<\/div>\n\t\t\t\t<div class=\"elementor-element elementor-element-35f47431 elementor-align-center elementor-widget elementor-widget-button\" data-id=\"35f47431\" data-element_type=\"widget\" data-e-type=\"widget\" data-widget_type=\"button.default\">\n\t\t\t\t<div class=\"elementor-widget-container\">\n\t\t\t\t\t\t\t\t\t<div class=\"elementor-button-wrapper\">\n\t\t\t\t\t<a class=\"elementor-button elementor-button-link elementor-size-sm\" href=\"https:\/\/hotel-schoell.de\/jetzt-buchen\/\">\n\t\t\t\t\t\t<span class=\"elementor-button-content-wrapper\">\n\t\t\t\t\t\t\t\t\t<span class=\"elementor-button-text\">  BOOK NOW<\/span>\n\t\t\t\t\t<\/span>\n\t\t\t\t\t<\/a>\n\t\t\t\t<\/div>\n\t\t\t\t\t\t\t\t<\/div>\n\t\t\t\t<\/div>\n\t\t\t\t\t<\/div>\n\t\t\t\t<\/div>\n\t\t\t\t<\/div>\n\t\t","protected":false},"excerpt":{"rendered":"<p>Upper Palatinate Country Delight with Wellness 3 Days 3 days with 2 overnight stays including breakfast buffet, 2x 3-course menu, 1x back massage per person, use of fitness room, use of Nordic walking poles, 1x fruit basket and chocolate. BOOK NOW What You Can Expect Upper Palatinate Country Delight with Wellness 3 Days Enjoy 3 [&hellip;]<\/p>\n","protected":false},"author":2,"featured_media":0,"parent":0,"menu_order":0,"comment_status":"closed","ping_status":"closed","template":"","meta":{"_seopress_robots_primary_cat":"","_seopress_titles_title":"3 Days of Wellness in the Upper Palatinate \u2013 Hotel Sch\u00f6ll | Country Delight  Relaxation","_seopress_titles_desc":"Treat yourself to 3 days of time out at Hotel Sch\u00f6ll: with breakfast, 3-course menus, back massage, fruit basket  chocolate. Explore nature between Regensburg  Altm\u00fchltal and enjoy Bavarian hospitality with a feel-good factor.","_seopress_robots_index":"","_seopress_analysis_target_kw":"","_uag_custom_page_level_css":"","site-sidebar-layout":"no-sidebar","site-content-layout":"page-builder","ast-site-content-layout":"full-width-container","site-content-style":"default","site-sidebar-style":"default","ast-global-header-display":"","ast-banner-title-visibility":"","ast-main-header-display":"","ast-hfb-above-header-display":"","ast-hfb-below-header-display":"","ast-hfb-mobile-header-display":"","site-post-title":"disabled","ast-breadcrumbs-content":"","ast-featured-img":"disabled","footer-sml-layout":"","ast-disable-related-posts":"","theme-transparent-header-meta":"","adv-header-id-meta":"","stick-header-meta":"","header-above-stick-meta":"","header-main-stick-meta":"","header-below-stick-meta":"","astra-migrate-meta-layouts":"default","ast-page-background-enabled":"default","ast-page-background-meta":{"desktop":{"background-color":"","background-image":"","background-repeat":"repeat","background-position":"center center","background-size":"auto","background-attachment":"scroll","background-type":"","background-media":"","overlay-type":"","overlay-color":"","overlay-opacity":"","overlay-gradient":""},"tablet":{"background-color":"","background-image":"","background-repeat":"repeat","background-position":"center center","background-size":"auto","background-attachment":"scroll","background-type":"","background-media":"","overlay-type":"","overlay-color":"","overlay-opacity":"","overlay-gradient":""},"mobile":{"background-color":"","background-image":"","background-repeat":"repeat","background-position":"center center","background-size":"auto","background-attachment":"scroll","background-type":"","background-media":"","overlay-type":"","overlay-color":"","overlay-opacity":"","overlay-gradient":""}},"ast-content-background-meta":{"desktop":{"background-color":"var(--ast-global-color-5)","background-image":"","background-repeat":"repeat","background-position":"center center","background-size":"auto","background-attachment":"scroll","background-type":"","background-media":"","overlay-type":"","overlay-color":"","overlay-opacity":"","overlay-gradient":""},"tablet":{"background-color":"var(--ast-global-color-5)","background-image":"","background-repeat":"repeat","background-position":"center center","background-size":"auto","background-attachment":"scroll","background-type":"","background-media":"","overlay-type":"","overlay-color":"","overlay-opacity":"","overlay-gradient":""},"mobile":{"background-color":"var(--ast-global-color-5)","background-image":"","background-repeat":"repeat","background-position":"center center","background-size":"auto","background-attachment":"scroll","background-type":"","background-media":"","overlay-type":"","overlay-color":"","overlay-opacity":"","overlay-gradient":""}},"footnotes":""},"class_list":["post-5275","page","type-page","status-publish","hentry"],"uagb_featured_image_src":{"full":false,"thumbnail":false,"medium":false,"medium_large":false,"large":false,"1536x1536":false,"2048x2048":false},"uagb_author_info":{"display_name":"Hotel Sch\u00f6ll","author_link":"https:\/\/hotel-schoell.de\/en\/author\/sheckel\/"},"uagb_comment_info":0,"uagb_excerpt":"Upper Palatinate Country Delight with Wellness 3 Days 3 days with 2 overnight stays including breakfast buffet, 2x 3-course menu, 1x back massage per person, use of fitness room, use of Nordic walking poles, 1x fruit basket and chocolate. BOOK NOW What You Can Expect Upper Palatinate Country Delight with Wellness 3 Days Enjoy 3&hellip;","_links":{"self":[{"href":"https:\/\/hotel-schoell.de\/en\/wp-json\/wp\/v2\/pages\/5275","targetHints":{"allow":["GET"]}}],"collection":[{"href":"https:\/\/hotel-schoell.de\/en\/wp-json\/wp\/v2\/pages"}],"about":[{"href":"https:\/\/hotel-schoell.de\/en\/wp-json\/wp\/v2\/types\/page"}],"author":[{"embeddable":true,"href":"https:\/\/hotel-schoell.de\/en\/wp-json\/wp\/v2\/users\/2"}],"replies":[{"embeddable":true,"href":"https:\/\/hotel-schoell.de\/en\/wp-json\/wp\/v2\/comments?post=5275"}],"version-history":[{"count":1,"href":"https:\/\/hotel-schoell.de\/en\/wp-json\/wp\/v2\/pages\/5275\/revisions"}],"predecessor-version":[{"id":5278,"href":"https:\/\/hotel-schoell.de\/en\/wp-json\/wp\/v2\/pages\/5275\/revisions\/5278"}],"wp:attachment":[{"href":"https:\/\/hotel-schoell.de\/en\/wp-json\/wp\/v2\/media?parent=5275"}],"curies":[{"name":"wp","href":"https:\/\/api.w.org\/{rel}","templated":true}]}}